{"id":1214,"date":"2024-09-05T08:57:07","date_gmt":"2024-09-05T08:57:07","guid":{"rendered":"https:\/\/eliforia.com\/?page_id=1214"},"modified":"2025-12-08T18:03:51","modified_gmt":"2025-12-08T18:03:51","slug":"allgemeine-geschaftsbedingungen","status":"publish","type":"page","link":"https:\/\/eliforia.com\/de\/allgemeine-geschaftsbedingungen\/","title":{"rendered":"Allgemeine Gesch\u00e4ftsbedingungen"},"content":{"rendered":"<p>[et_pb_section fb_built=&#8220;1&#8243; custom_padding_last_edited=&#8220;on|phone&#8220; _builder_version=&#8220;4.27.0&#8243; _module_preset=&#8220;default&#8220; custom_padding_tablet=&#8220;&#8220; custom_padding_phone=&#8220;20px||20px||true|false&#8220; locked=&#8220;off&#8220; global_colors_info=&#8220;{}&#8220;][et_pb_row _builder_version=&#8220;4.27.0&#8243; _module_preset=&#8220;default&#8220; global_colors_info=&#8220;{}&#8220;][et_pb_column type=&#8220;4_4&#8243; _builder_version=&#8220;4.27.0&#8243; _module_preset=&#8220;default&#8220; global_colors_info=&#8220;{}&#8220;][et_pb_text _builder_version=&#8220;4.27.0&#8243; _module_preset=&#8220;default&#8220; header_font_size=&#8220;48px&#8220; custom_margin_tablet=&#8220;&#8220; custom_margin_phone=&#8220;||0px||false|false&#8220; custom_margin_last_edited=&#8220;on|phone&#8220; custom_padding_tablet=&#8220;&#8220; custom_padding_phone=&#8220;||0px||false|false&#8220; custom_padding_last_edited=&#8220;on|phone&#8220; header_font_size_tablet=&#8220;40px&#8220; header_font_size_phone=&#8220;24px&#8220; global_colors_info=&#8220;{}&#8220;]<\/p>\n<h1>Allgemeine Gesch\u00e4ftsbedingungen<\/h1>\n<p>[\/et_pb_text][\/et_pb_column][\/et_pb_row][et_pb_row custom_padding_last_edited=&#8220;on|desktop&#8220; _builder_version=&#8220;4.27.0&#8243; _module_preset=&#8220;default&#8220; max_width=&#8220;1300px&#8220; custom_padding=&#8220;0px||||false|false&#8220; custom_padding_tablet=&#8220;0px||||false|false&#8220; custom_padding_phone=&#8220;0px||||false|false&#8220; global_colors_info=&#8220;{}&#8220;][et_pb_column type=&#8220;4_4&#8243; _builder_version=&#8220;4.27.0&#8243; _module_preset=&#8220;default&#8220; global_colors_info=&#8220;{}&#8220;][et_pb_text _builder_version=&#8220;4.27.0&#8243; _module_preset=&#8220;default&#8220; text_font_size=&#8220;18px&#8220; global_colors_info=&#8220;{}&#8220;]<\/p>\n<h3>\u00a7 1 Geltungsbereich<\/h3>\n<p>Die nachfolgenden Allgemeinen Gesch\u00e4ftsbedingungen (\u201eAGB\u201d) gelten f\u00fcr alle Vertr\u00e4ge, die zwischen der Eliforia Consulting GmbH (\u201eEliforia\u201d) und ihren Kunden abgeschlossen werden. Abweichende, entgegenstehende oder erg\u00e4nzende Allgemeine Gesch\u00e4ftsbedingungen des Kunden werden, selbst bei Kenntnis dieser, nicht Vertragsbestandteil, es sei denn, ihrer Geltung wurde ausdr\u00fccklich schriftlich zugestimmt.<\/p>\n<p>[\/et_pb_text][et_pb_text _builder_version=&#8220;4.27.0&#8243; _module_preset=&#8220;default&#8220; text_font_size=&#8220;18px&#8220; link_font=&#8220;||||||||&#8220; link_text_color=&#8220;#0e8779&#8243; hover_enabled=&#8220;0&#8243; global_colors_info=&#8220;{}&#8220; sticky_enabled=&#8220;0&#8243;]<\/p>\n<h3>\u00a7 2 Vertragsgegenstand<\/h3>\n<p>2.1. Eliforia unterst\u00fctzt Unternehmer (\u00a7 14 BGB) bzw. Unternehmen bei der Beantragung von F\u00f6rdermitteln im Bereich Nachhaltigkeit.<\/p>\n<p>2.2. Eliforia bietet Identifizierung und Analyse passender F\u00f6rderm\u00f6glichkeiten sowie ein Paket an, in dem folgende Dienstleistungen enthalten sind:<\/p>\n<ul>\n<li>Identifizierung und Gewinnung notwendiger und relevanter Partnerorganisationen<\/li>\n<li>Erstellung und Einreichung von F\u00f6rderantr\u00e4gen<\/li>\n<li>Bei Erfolg des F\u00f6rderantrags, Kl\u00e4rung aller Fragen mit dem F\u00f6rdergeber bis zum Vertragsabschluss.<\/li>\n<\/ul>\n<p>2.3. Eliforia bietet die Dienstleistungen aus dem Paket auch separat an. Weiterhin bietet Eliforia auch die Pr\u00fcfung und Bewertung von F\u00f6rderantr\u00e4gen, die vom Kunden bereits formuliert wurden, sowie die \u00dcbernahme der Projektverwaltung an.<\/p>\n<p>2.4. Eliforia darf sich zur Erf\u00fcllung ihrer vertraglichen Pflichten auch Dritter bedienen.<\/p>\n<p>[\/et_pb_text][et_pb_text _builder_version=&#8220;4.27.0&#8243; _module_preset=&#8220;default&#8220; text_font_size=&#8220;18px&#8220; link_font=&#8220;|600|||||||&#8220; link_text_color=&#8220;#0e8779&#8243; global_colors_info=&#8220;{}&#8220;]<\/p>\n<h3>\u00a7 3 Vertragsschluss<\/h3>\n<p>3.1. Eliforia vereinbart mit potenziellen Kunden zun\u00e4chst ein kostenloses, digitales Kennenlerngespr\u00e4ch. In diesem Gespr\u00e4ch stellt Eliforia das Unternehmen, die angebotenen Dienstleistungen, das Preismodell sowie den F\u00f6rderaufruf vor. Nach dem Gespr\u00e4ch wird Eliforia dem Kunden ein dem Angebot entsprechendes Vertragsdokument zur Unterzeichnung per E-Mail zusenden. Mit Unterzeichnung der Vereinbarung durch beide Parteien kommt der Vertrag zustande.<\/p>\n<p>3.2. Alle Angaben, die nicht ausdr\u00fccklich im Angebot genannt sind (z.B. Werbeangaben oder sonstige Informationen) sind rechtlich unverbindlich und werden nicht Gegenstand des Vertrags.[\/et_pb_text][et_pb_text _builder_version=&#8220;4.27.0&#8243; _module_preset=&#8220;default&#8220; text_font_size=&#8220;18px&#8220; link_font=&#8220;|600|||||||&#8220; link_text_color=&#8220;#0e8779&#8243; global_colors_info=&#8220;{}&#8220;]<\/p>\n<h3>\u00a7 4 Mitwirkungspflichten<\/h3>\n<p>4.1 Eliforia ben\u00f6tigt f\u00fcr die Durchf\u00fchrung der vertraglichen Leistungen Informationen vom Kunden. Der Kunde ist verpflichtet, diese Eliforia zeitnah nach Anforderung zur Verf\u00fcgung zu stellen. Zudem ist der Kunde zur zeitnahen Korrespondenz mit Eliforia verpflichtet. Insbesondere ist der Kunde verpflichtet, die Projektaktivit\u00e4ten zusammen mit Eliforia zu entwickeln und festzulegen, soweit dies im Einzelfall erforderlich ist. Weiterhin ist der Kunde zur \u00dcberpr\u00fcfung und Genehmigung des von Eliforia erstellten Entwurfs, einschlie\u00dflich des Budgets, verpflichtet.<\/p>\n<p>4.2 Der Kunde muss Eliforia weiterhin informieren, wenn er mit einem anderen F\u00f6rderantrag, der nicht von Eliforia betreut wird, an derselben Ausschreibung teilnimmt wie mit dem Antrag, den Eliforia f\u00fcr ihn erstellt.[\/et_pb_text][et_pb_text _builder_version=&#8220;4.27.0&#8243; _module_preset=&#8220;default&#8220; text_font_size=&#8220;18px&#8220; link_font=&#8220;|600|||||||&#8220; link_text_color=&#8220;#0e8779&#8243; global_colors_info=&#8220;{}&#8220;]<\/p>\n<h3>\u00a7 5 Verg\u00fctung und Zahlungsbedingungen<\/h3>\n<p>5.1. Die H\u00f6he der Verg\u00fctung ist aus dem jeweiligen Angebotsschreiben ersichtlich. Die Preise verstehen sich &#8211; falls nicht gesondert vereinbart &#8211; netto zuz\u00fcglich der jeweils g\u00fcltigen Mehrwertsteuer, die in der Rechnung separat ausgewiesen wird.<\/p>\n<p>5.2. Eliforia wird die Verg\u00fctung erst nach vollst\u00e4ndiger Leistungserbringung in Rechnung stellen. <\/p>\n<p>5.3. Die Zahlung ist innerhalb von 14 Tagen nach Rechnungsstellung f\u00e4llig, falls nicht anderweitig vereinbart. Die Zahlung erfolgt durch \u00dcberweisung auf das auf der Rechnung angegebene Konto von Eliforia.[\/et_pb_text][et_pb_text _builder_version=&#8220;4.27.0&#8243; _module_preset=&#8220;default&#8220; text_font_size=&#8220;18px&#8220; link_font=&#8220;|600|||||||&#8220; link_text_color=&#8220;#0e8779&#8243; global_colors_info=&#8220;{}&#8220;]<\/p>\n<h3>\u00a7 6 Haftung<\/h3>\n<p>6.1. Eliforia haftet ausdr\u00fccklich nicht f\u00fcr den Erfolg des F\u00f6rderantrags.<\/p>\n<p>6.2. Anspr\u00fcche des Kunden auf Schadensersatz sind ausgeschlossen. Hiervon ausgenommen sind Schadensersatzanspr\u00fcche des Kunden aus der Verletzung des Lebens, des K\u00f6rpers, der Gesundheit oder aus der Verletzung wesentlicher Vertragspflichten (Kardinalpflichten) sowie die Haftung f\u00fcr sonstige Sch\u00e4den, die auf einer vors\u00e4tzlichen oder grob fahrl\u00e4ssigen Pflichtverletzung von uns, unserer gesetzlicher Vertreter oder Erf\u00fcllungsgehilfen beruhen. Wesentliche Vertragspflichten sind solche, deren Erf\u00fcllung zur Erreichung des Ziels des Vertrags notwendig ist. <\/p>\n<p>6.3. Bei der Verletzung wesentlicher Vertragspflichten haftet Eliforia nur f\u00fcr den vertragstypischen, vorhersehbaren Schaden, wenn dieser einfach fahrl\u00e4ssig verursacht wurde, es sei denn, es handelt sich um Schadensersatzanspr\u00fcche des Kunden aus einer Verletzung des Lebens, des K\u00f6rpers oder der Gesundheit.<\/p>\n<p>6.4. Die Haftungsbeschr\u00e4nkungen dieser gesamten Ziffer gelten auch zugunsten der Erf\u00fcllungs- und Verrichtungsgehilfen von Eliforia.[\/et_pb_text][et_pb_text _builder_version=&#8220;4.27.0&#8243; _module_preset=&#8220;default&#8220; text_font_size=&#8220;18px&#8220; link_font=&#8220;|600|||||||&#8220; link_text_color=&#8220;#0e8779&#8243; global_colors_info=&#8220;{}&#8220;]<\/p>\n<h3>\u00a7 7 Geheimhaltung<\/h3>\n<p>7.1 Beide Parteien verpflichten sich, alle im Rahmen des Vertragsverh\u00e4ltnisses erlangten vertraulichen Informationen streng vertraulich zu behandeln und ausschlie\u00dflich f\u00fcr die Zwecke des jeweiligen Vertrags zu verwenden. Insbesondere ist es dem Kunden untersagt, Inhalte des von Eliforia erstellten F\u00f6rderantrags f\u00fcr einen anderweitigen F\u00f6rderantrag zu nutzen.<\/p>\n<p>7.2 Die Existenz der Vertragsbeziehung zwischen Eliforia und dem Kunden unterliegt nicht der Geheimhaltung, sondern darf von beiden Parteien ausdr\u00fccklich als Referenz genutzt und \u00f6ffentlich bekannt gemacht werden. [\/et_pb_text][et_pb_text _builder_version=&#8220;4.27.0&#8243; _module_preset=&#8220;default&#8220; text_font_size=&#8220;18px&#8220; link_font=&#8220;|600|||||||&#8220; link_text_color=&#8220;#0e8779&#8243; global_colors_info=&#8220;{}&#8220;]<\/p>\n<h3>\u00a7 8 Weitere Nutzung des F\u00f6rderantrags<\/h3>\n<p>8.1. Die von Eliforia erstellten F\u00f6rderantr\u00e4ge d\u00fcrfen vom Kunden ausschlie\u00dflich f\u00fcr den im Vertrag festgelegten Zweck verwendet werden. Eine Weitergabe des F\u00f6rderantrags an Dritte sowie eine anderweitige Nutzung oder Wiederverwendung der Dokumente, insbesondere f\u00fcr anderweitige F\u00f6rderantr\u00e4ge oder Projekte, ist ohne die ausdr\u00fcckliche vorherige schriftliche Zustimmung von Eliforia unzul\u00e4ssig. Jeder Versto\u00df wird mit einer Vertragsstrafe in H\u00f6he von 5.000,00 EUR geahndet.<\/p>\n<p>8.2. Eliforia kann der Wiederverwendung der erstellten F\u00f6rderantr\u00e4ge gegen Zahlung einer Lizenzgeb\u00fchr gestatten. Die Lizenzgeb\u00fchr wird Eliforia im Einzelfall festlegen. [\/et_pb_text][et_pb_text _builder_version=&#8220;4.27.0&#8243; _module_preset=&#8220;default&#8220; text_font_size=&#8220;18px&#8220; link_font=&#8220;||||||||&#8220; link_text_color=&#8220;#0e8779&#8243; global_colors_info=&#8220;{}&#8220;]<\/p>\n<h3>\u00a7 9 Datenschutz<\/h3>\n<p>9.1. Eliforia h\u00e4lt sich an die gesetzlichen Bestimmungen des Datenschutzes. Eliforia weist darauf hin, dass zur Erbringung der vertraglich vereinbarten Leistungen folgende personenbezogenen Daten der Kunden erhoben, gespeichert und verarbeitet werden: Firmenname, Firmenadresse, Vor- und Nachname, Telefonnummer und E-Mail-Adresse des jeweiligen Ansprechpartners, jeweils f\u00fcr die Verwaltung des Vertrags. Weiterhin k\u00f6nnen f\u00fcr den F\u00f6rderantrag weitere personenbezogene Daten von Relevanz sein und von Eliforia verarbeitet werden, z.B. Geschlecht, Nationalit\u00e4t, Jobtitel und relevante Berufserfahrung der Mitarbeitenden.<\/p>\n<p>9.2. Die Verarbeitung dieser personenbezogenen Daten ist f\u00fcr die Erf\u00fcllung des Vertrages erforderlich und daher rechtm\u00e4\u00dfig gem\u00e4\u00df Art. 6 (1) lit. b DSGVO.<\/p>\n<p>9.3. Eliforia ist berechtigt, die Daten des Kunden an Dritte zu \u00fcbermitteln, sofern dies zur Erf\u00fcllung des Einzelvertrags notwendig ist.<\/p>\n<p>9.4. N\u00e4here Informationen k\u00f6nnen der Datenschutzerkl\u00e4rung unter <a href=\"https:\/\/eliforia.com\/datenschutzerklarung\/\">https:\/\/eliforia.com\/datenschutzerklarung\/<\/a> entnommen werden.<\/p>\n<p>[\/et_pb_text][et_pb_text _builder_version=&#8220;4.27.0&#8243; _module_preset=&#8220;default&#8220; text_font_size=&#8220;18px&#8220; link_font=&#8220;|600|||||||&#8220; link_text_color=&#8220;#0e8779&#8243; global_colors_info=&#8220;{}&#8220;]<\/p>\n<h3>\u00a7 10 Vertragsdauer und K\u00fcndigung<\/h3>\n<p>10.1. Die Vertragslaufzeit h\u00e4ngt von dem Erfolg des von Eliforia erstellten F\u00f6rderantrags ab. Bei erfolgreichem F\u00f6rderantrag endet die Vertragslaufzeit mit Abschluss des F\u00f6rdervertrags zwischen dem Kunden und dem jeweiligen F\u00f6rdergeber. Bei erfolglosen F\u00f6rderantr\u00e4gen endet die Vertragslaufzeit mit Weiterleitung der Absage des potenziellen F\u00f6rdergebers an den Kunden.<\/p>\n<p>10.2. Eine ordentliche K\u00fcndigung des Vertrags ist ausgeschlossen.<\/p>\n<p>10.3. Eine au\u00dferordentliche K\u00fcndigung des Vertrags ist bei Vorliegen eines wichtigen Grundes f\u00fcr beide Parteien jederzeit und ohne Einhaltung einer Frist durch Abgabe einer schriftlichen Erkl\u00e4rung m\u00f6glich.<\/p>\n<p>10.4. Ein wichtiger Grund liegt vor, wenn der k\u00fcndigenden Partei die Fortsetzung des Vertragsverh\u00e4ltnisses bis zum Ablauf der ordentlichen K\u00fcndigungsfrist unter Ber\u00fccksichtigung aller Umst\u00e4nde des Einzelfalls und unter Abw\u00e4gung der beiderseitigen Interessen nicht zugemutet werden kann.<\/p>\n<p>10.5. Ein wichtiger Grund, der eine au\u00dferordentliche K\u00fcndigung rechtfertigt, ist insbesondere in folgenden F\u00e4llen anzunehmen:<\/p>\n<p>a) Der Kunde ist seinen vertraglichen Mitwirkungspflichten trotz wiederholter Aufforderung durch Eliforia nicht nachgekommen.<br \/>b) Die Verm\u00f6gensverh\u00e4ltnisse einer Partei haben sich wesentlich verschlechtert, sodass die Vertragserf\u00fcllung gef\u00e4hrdet ist.<br \/>c) Es wurde ein Insolvenzantrag \u00fcber das Verm\u00f6gen einer Partei gestellt bzw. die Insolvenz er\u00f6ffnet.<br \/>d) Es wurden strafbare Handlungen durch den Kunden bzw. durch die Erf\u00fcllungsgehilfen des Kunden begangen.<br \/>e) Unvorhersehbare Ereignisse (z.B. Naturkatastrophen) beeintr\u00e4chtigen den Betrieb einer Partei und machen die Vertragserf\u00fcllung unm\u00f6glich.<br \/>f) Die beratende Person ist tot, langfristig erkrankt oder so schwer verletzt, dass eine Vertragserf\u00fcllung nicht m\u00f6glich ist, und eine interne Vertretung nicht verf\u00fcgbar ist.<\/p>\n<p>10.6. F\u00fcr den Fall, dass der Vertrag au\u00dferordentlich gek\u00fcndigt wird und ein Auftrag deswegen nur teilweise erbracht wurde, ist folgende anteilige Verg\u00fctung f\u00fcr die bis zum Zeitpunkt der K\u00fcndigung erbrachten Leistungen zu erbringen:<\/p>\n<p>&nbsp;<\/p>\n<table border=\"2\" style=\"border-style: solid;\">\n<caption><\/caption>\n<tbody>\n<tr>\n<td><span style=\"font-weight: 400;\">Zeitpunkt der K\u00fcndigung<\/span><\/td>\n<td><span style=\"font-weight: 400;\">Anteil der zu zahlenden Gesamtverg\u00fctung<\/span><\/td>\n<\/tr>\n<tr>\n<td><span style=\"font-weight: 400;\">bis vier Monate vor Abgabefrist <\/span><\/td>\n<td><span style=\"font-weight: 400;\">50 %<\/span><\/td>\n<\/tr>\n<tr>\n<td><span style=\"font-weight: 400;\">bis zwei Monate vor Abgabefrist<\/span><\/td>\n<td><span style=\"font-weight: 400;\">75 % <\/span><\/td>\n<\/tr>\n<tr>\n<td><span style=\"font-weight: 400;\">innerhalb zwei Monate vor Abgabefrist<\/span><\/td>\n<td><span style=\"font-weight: 400;\">100 %<\/span><\/td>\n<\/tr>\n<\/tbody>\n<\/table>\n<p>[\/et_pb_text][et_pb_text _builder_version=&#8220;4.27.0&#8243; _module_preset=&#8220;default&#8220; text_font_size=&#8220;18px&#8220; link_font=&#8220;|600|||||||&#8220; link_text_color=&#8220;#0e8779&#8243; global_colors_info=&#8220;{}&#8220;]<\/p>\n<h3>\u00a7 11 Schlussbestimmungen<\/h3>\n<p>11.1. M\u00fcndliche Nebenabreden bestehen nicht. \u00c4nderungen oder Erg\u00e4nzungen dieser AGB<br \/>\nbed\u00fcrfen zu ihrer Wirksamkeit der Schriftform, dies gilt auch f\u00fcr die \u00c4nderung dieser<br \/>\nSchriftformklausel.<\/p>\n<p>11.2. Sofern in diesen AGB oder in sonstigen Vereinbarungen die Schriftform oder eine<br \/>\nschriftliche Mitteilung verlangt wird, ist damit auch die Textform im Sinne des \u00a7 126b BGB<br \/>\ngemeint. Dies umfasst insbesondere Mitteilungen per E-Mail.<\/p>\n<p>11.3. Eliforia ist jederzeit berechtigt, diese AGB zu \u00e4ndern. Es gelten die zum Zeitpunkt des Vertragsschlusses g\u00fcltigen AGB.<\/p>\n<p>11.4. Es gilt ausschlie\u00dflich das Recht der Bundesrepublik Deutschland.<\/p>\n<p>11.5. Die Vertragssprache ist Englisch.<\/p>\n<p>11.6. Erf\u00fcllungsort der Lieferungen und Leistungen durch Eliforia ist am jeweiligen Sitz von<br \/>\nEliforia.<\/p>\n<p>11.7. Der ausschlie\u00dfliche Gerichtsstand befindet sich am jeweiligen Sitz von Eliforia. [\/et_pb_text][\/et_pb_column][\/et_pb_row][\/et_pb_section]<\/p>\n","protected":false},"excerpt":{"rendered":"<p>Allgemeine Gesch\u00e4ftsbedingungen\u00a7 1 Geltungsbereich Die nachfolgenden Allgemeinen Gesch\u00e4ftsbedingungen (\u201eAGB\u201d) gelten f\u00fcr alle Vertr\u00e4ge, die zwischen der Eliforia Consulting GmbH (\u201eEliforia\u201d) und ihren Kunden abgeschlossen werden. Abweichende, entgegenstehende oder erg\u00e4nzende Allgemeine Gesch\u00e4ftsbedingungen des Kunden werden, selbst bei Kenntnis dieser, nicht Vertragsbestandteil, es sei denn, ihrer Geltung wurde ausdr\u00fccklich schriftlich zugestimmt.\u00a7 2 Vertragsgegenstand 2.1. Eliforia unterst\u00fctzt Unternehmer [&hellip;]<\/p>\n","protected":false},"author":1,"featured_media":0,"parent":0,"menu_order":0,"comment_status":"closed","ping_status":"closed","template":"","meta":{"_et_pb_use_builder":"on","_et_pb_old_content":"","_et_gb_content_width":"","footnotes":""},"class_list":["post-1214","page","type-page","status-publish","hentry"],"yoast_head":"<!-- This site is optimized with the Yoast SEO plugin v26.8 - https:\/\/yoast.com\/product\/yoast-seo-wordpress\/ -->\n<title>Allgemeine Gesch\u00e4ftsbedingungen - Eliforia Consulting<\/title>\n<meta name=\"robots\" content=\"index, follow, max-snippet:-1, max-image-preview:large, max-video-preview:-1\" \/>\n<link rel=\"canonical\" href=\"https:\/\/eliforia.com\/de\/allgemeine-geschaftsbedingungen\/\" \/>\n<meta property=\"og:locale\" content=\"de_DE\" \/>\n<meta property=\"og:type\" content=\"article\" \/>\n<meta property=\"og:title\" content=\"Allgemeine Gesch\u00e4ftsbedingungen - Eliforia Consulting\" \/>\n<meta property=\"og:description\" content=\"Allgemeine Gesch\u00e4ftsbedingungen\u00a7 1 Geltungsbereich Die nachfolgenden Allgemeinen Gesch\u00e4ftsbedingungen (\u201eAGB\u201d) gelten f\u00fcr alle Vertr\u00e4ge, die zwischen der Eliforia Consulting GmbH (\u201eEliforia\u201d) und ihren Kunden abgeschlossen werden. Abweichende, entgegenstehende oder erg\u00e4nzende Allgemeine Gesch\u00e4ftsbedingungen des Kunden werden, selbst bei Kenntnis dieser, nicht Vertragsbestandteil, es sei denn, ihrer Geltung wurde ausdr\u00fccklich schriftlich zugestimmt.\u00a7 2 Vertragsgegenstand 2.1. Eliforia unterst\u00fctzt Unternehmer [&hellip;]\" \/>\n<meta property=\"og:url\" content=\"https:\/\/eliforia.com\/de\/allgemeine-geschaftsbedingungen\/\" \/>\n<meta property=\"og:site_name\" content=\"Eliforia Consulting\" \/>\n<meta property=\"article:modified_time\" content=\"2025-12-08T18:03:51+00:00\" \/>\n<meta name=\"twitter:card\" content=\"summary_large_image\" \/>\n<meta name=\"twitter:label1\" content=\"Gesch\u00e4tzte Lesezeit\" \/>\n\t<meta name=\"twitter:data1\" content=\"9\u00a0Minuten\" \/>\n<script type=\"application\/ld+json\" class=\"yoast-schema-graph\">{\"@context\":\"https:\/\/schema.org\",\"@graph\":[{\"@type\":\"WebPage\",\"@id\":\"https:\/\/eliforia.com\/de\/allgemeine-geschaftsbedingungen\/\",\"url\":\"https:\/\/eliforia.com\/de\/allgemeine-geschaftsbedingungen\/\",\"name\":\"Allgemeine Gesch\u00e4ftsbedingungen - Eliforia Consulting\",\"isPartOf\":{\"@id\":\"https:\/\/eliforia.com\/de\/#website\"},\"datePublished\":\"2024-09-05T08:57:07+00:00\",\"dateModified\":\"2025-12-08T18:03:51+00:00\",\"breadcrumb\":{\"@id\":\"https:\/\/eliforia.com\/de\/allgemeine-geschaftsbedingungen\/#breadcrumb\"},\"inLanguage\":\"de\",\"potentialAction\":[{\"@type\":\"ReadAction\",\"target\":[\"https:\/\/eliforia.com\/de\/allgemeine-geschaftsbedingungen\/\"]}]},{\"@type\":\"BreadcrumbList\",\"@id\":\"https:\/\/eliforia.com\/de\/allgemeine-geschaftsbedingungen\/#breadcrumb\",\"itemListElement\":[{\"@type\":\"ListItem\",\"position\":1,\"name\":\"Home\",\"item\":\"https:\/\/eliforia.com\/de\/\"},{\"@type\":\"ListItem\",\"position\":2,\"name\":\"Allgemeine Gesch\u00e4ftsbedingungen\"}]},{\"@type\":\"WebSite\",\"@id\":\"https:\/\/eliforia.com\/de\/#website\",\"url\":\"https:\/\/eliforia.com\/de\/\",\"name\":\"Eliforia Consulting\",\"description\":\"EU grant-writing for social and environmental innovation.\",\"publisher\":{\"@id\":\"https:\/\/eliforia.com\/de\/#organization\"},\"potentialAction\":[{\"@type\":\"SearchAction\",\"target\":{\"@type\":\"EntryPoint\",\"urlTemplate\":\"https:\/\/eliforia.com\/de\/?s={search_term_string}\"},\"query-input\":{\"@type\":\"PropertyValueSpecification\",\"valueRequired\":true,\"valueName\":\"search_term_string\"}}],\"inLanguage\":\"de\"},{\"@type\":\"Organization\",\"@id\":\"https:\/\/eliforia.com\/de\/#organization\",\"name\":\"Eliforia Consulting\",\"url\":\"https:\/\/eliforia.com\/de\/\",\"logo\":{\"@type\":\"ImageObject\",\"inLanguage\":\"de\",\"@id\":\"https:\/\/eliforia.com\/de\/#\/schema\/logo\/image\/\",\"url\":\"https:\/\/eliforia.com\/wp-content\/uploads\/2025\/05\/Eliforialogo_dark-green.png\",\"contentUrl\":\"https:\/\/eliforia.com\/wp-content\/uploads\/2025\/05\/Eliforialogo_dark-green.png\",\"width\":1609,\"height\":828,\"caption\":\"Eliforia Consulting\"},\"image\":{\"@id\":\"https:\/\/eliforia.com\/de\/#\/schema\/logo\/image\/\"},\"sameAs\":[\"https:\/\/www.linkedin.com\/company\/eliforia\/\"]}]}<\/script>\n<!-- \/ Yoast SEO plugin. -->","yoast_head_json":{"title":"Allgemeine Gesch\u00e4ftsbedingungen - Eliforia Consulting","robots":{"index":"index","follow":"follow","max-snippet":"max-snippet:-1","max-image-preview":"max-image-preview:large","max-video-preview":"max-video-preview:-1"},"canonical":"https:\/\/eliforia.com\/de\/allgemeine-geschaftsbedingungen\/","og_locale":"de_DE","og_type":"article","og_title":"Allgemeine Gesch\u00e4ftsbedingungen - Eliforia Consulting","og_description":"Allgemeine Gesch\u00e4ftsbedingungen\u00a7 1 Geltungsbereich Die nachfolgenden Allgemeinen Gesch\u00e4ftsbedingungen (\u201eAGB\u201d) gelten f\u00fcr alle Vertr\u00e4ge, die zwischen der Eliforia Consulting GmbH (\u201eEliforia\u201d) und ihren Kunden abgeschlossen werden. Abweichende, entgegenstehende oder erg\u00e4nzende Allgemeine Gesch\u00e4ftsbedingungen des Kunden werden, selbst bei Kenntnis dieser, nicht Vertragsbestandteil, es sei denn, ihrer Geltung wurde ausdr\u00fccklich schriftlich zugestimmt.\u00a7 2 Vertragsgegenstand 2.1. Eliforia unterst\u00fctzt Unternehmer [&hellip;]","og_url":"https:\/\/eliforia.com\/de\/allgemeine-geschaftsbedingungen\/","og_site_name":"Eliforia Consulting","article_modified_time":"2025-12-08T18:03:51+00:00","twitter_card":"summary_large_image","twitter_misc":{"Gesch\u00e4tzte Lesezeit":"9\u00a0Minuten"},"schema":{"@context":"https:\/\/schema.org","@graph":[{"@type":"WebPage","@id":"https:\/\/eliforia.com\/de\/allgemeine-geschaftsbedingungen\/","url":"https:\/\/eliforia.com\/de\/allgemeine-geschaftsbedingungen\/","name":"Allgemeine Gesch\u00e4ftsbedingungen - Eliforia Consulting","isPartOf":{"@id":"https:\/\/eliforia.com\/de\/#website"},"datePublished":"2024-09-05T08:57:07+00:00","dateModified":"2025-12-08T18:03:51+00:00","breadcrumb":{"@id":"https:\/\/eliforia.com\/de\/allgemeine-geschaftsbedingungen\/#breadcrumb"},"inLanguage":"de","potentialAction":[{"@type":"ReadAction","target":["https:\/\/eliforia.com\/de\/allgemeine-geschaftsbedingungen\/"]}]},{"@type":"BreadcrumbList","@id":"https:\/\/eliforia.com\/de\/allgemeine-geschaftsbedingungen\/#breadcrumb","itemListElement":[{"@type":"ListItem","position":1,"name":"Home","item":"https:\/\/eliforia.com\/de\/"},{"@type":"ListItem","position":2,"name":"Allgemeine Gesch\u00e4ftsbedingungen"}]},{"@type":"WebSite","@id":"https:\/\/eliforia.com\/de\/#website","url":"https:\/\/eliforia.com\/de\/","name":"Eliforia Consulting","description":"EU grant-writing for social and environmental innovation.","publisher":{"@id":"https:\/\/eliforia.com\/de\/#organization"},"potentialAction":[{"@type":"SearchAction","target":{"@type":"EntryPoint","urlTemplate":"https:\/\/eliforia.com\/de\/?s={search_term_string}"},"query-input":{"@type":"PropertyValueSpecification","valueRequired":true,"valueName":"search_term_string"}}],"inLanguage":"de"},{"@type":"Organization","@id":"https:\/\/eliforia.com\/de\/#organization","name":"Eliforia Consulting","url":"https:\/\/eliforia.com\/de\/","logo":{"@type":"ImageObject","inLanguage":"de","@id":"https:\/\/eliforia.com\/de\/#\/schema\/logo\/image\/","url":"https:\/\/eliforia.com\/wp-content\/uploads\/2025\/05\/Eliforialogo_dark-green.png","contentUrl":"https:\/\/eliforia.com\/wp-content\/uploads\/2025\/05\/Eliforialogo_dark-green.png","width":1609,"height":828,"caption":"Eliforia Consulting"},"image":{"@id":"https:\/\/eliforia.com\/de\/#\/schema\/logo\/image\/"},"sameAs":["https:\/\/www.linkedin.com\/company\/eliforia\/"]}]}},"_links":{"self":[{"href":"https:\/\/eliforia.com\/de\/wp-json\/wp\/v2\/pages\/1214","targetHints":{"allow":["GET"]}}],"collection":[{"href":"https:\/\/eliforia.com\/de\/wp-json\/wp\/v2\/pages"}],"about":[{"href":"https:\/\/eliforia.com\/de\/wp-json\/wp\/v2\/types\/page"}],"author":[{"embeddable":true,"href":"https:\/\/eliforia.com\/de\/wp-json\/wp\/v2\/users\/1"}],"replies":[{"embeddable":true,"href":"https:\/\/eliforia.com\/de\/wp-json\/wp\/v2\/comments?post=1214"}],"version-history":[{"count":6,"href":"https:\/\/eliforia.com\/de\/wp-json\/wp\/v2\/pages\/1214\/revisions"}],"predecessor-version":[{"id":1510,"href":"https:\/\/eliforia.com\/de\/wp-json\/wp\/v2\/pages\/1214\/revisions\/1510"}],"wp:attachment":[{"href":"https:\/\/eliforia.com\/de\/wp-json\/wp\/v2\/media?parent=1214"}],"curies":[{"name":"wp","href":"https:\/\/api.w.org\/{rel}","templated":true}]}}