{"id":1111,"date":"2024-08-02T07:19:10","date_gmt":"2024-08-02T07:19:10","guid":{"rendered":"https:\/\/eliforia.com\/ueber-uns\/"},"modified":"2025-02-12T07:04:26","modified_gmt":"2025-02-12T07:04:26","slug":"ueber-uns","status":"publish","type":"page","link":"https:\/\/eliforia.com\/de\/ueber-uns\/","title":{"rendered":"\u00dcber uns"},"content":{"rendered":"<p>[et_pb_section fb_built=&#8220;1&#8243; custom_padding_last_edited=&#8220;on|tablet&#8220; _builder_version=&#8220;4.27.0&#8243; _module_preset=&#8220;default&#8220; background_color=&#8220;#273D30&#8243; custom_padding=&#8220;80px||0px||false|false&#8220; custom_padding_tablet=&#8220;50px||50px||true|false&#8220; custom_padding_phone=&#8220;20px||50px||false|false&#8220; animation_style=&#8220;fade&#8220; locked=&#8220;off&#8220; global_colors_info=&#8220;{}&#8220;][et_pb_row column_structure=&#8220;1_2,1_2&#8243; use_custom_gutter=&#8220;on&#8220; make_equal=&#8220;on&#8220; _builder_version=&#8220;4.27.0&#8243; _module_preset=&#8220;default&#8220; custom_padding=&#8220;0px||0px||false|false&#8220; global_colors_info=&#8220;{}&#8220;][et_pb_column type=&#8220;1_2&#8243; _builder_version=&#8220;4.27.0&#8243; _module_preset=&#8220;default&#8220; custom_padding=&#8220;||50px||false|false&#8220; custom_css_main_element=&#8220;margin:auto;&#8220; global_colors_info=&#8220;{}&#8220;][et_pb_text module_class=&#8220;revelar-texto&#8220; _builder_version=&#8220;4.27.0&#8243; _module_preset=&#8220;default&#8220; text_text_color=&#8220;#F7FAFA&#8220; text_font_size=&#8220;34px&#8220; header_text_color=&#8220;#F7FAFA&#8220; custom_margin=&#8220;||9px|||&#8220; animation_style=&#8220;fade&#8220; text_font_size_phone=&#8220;18px&#8220; global_colors_info=&#8220;{}&#8220;]<\/p>\n<h1>\u00dcber uns<\/h1>\n<p>[\/et_pb_text][et_pb_image src=&#8220;https:\/\/eliforia.com\/wp-content\/uploads\/2024\/08\/Rectangle-34624329-4.png&#8220; force_fullwidth=&#8220;on&#8220; disabled_on=&#8220;off|off|on&#8220; _builder_version=&#8220;4.27.0&#8243; _module_preset=&#8220;default&#8220; custom_margin_tablet=&#8220;50px||||false|false&#8220; custom_margin_phone=&#8220;10px||||false|false&#8220; custom_margin_last_edited=&#8220;on|tablet&#8220; animation_style=&#8220;fade&#8220; hover_enabled=&#8220;0&#8243; animation_delay_tablet=&#8220;&#8220; animation_delay_phone=&#8220;1500ms&#8220; animation_delay_last_edited=&#8220;on|phone&#8220; border_radii=&#8220;off|220px|||6px&#8220; border_radii_tablet=&#8220;off|220px|||6px&#8220; border_radii_phone=&#8220;off|100px|||&#8220; border_radii_last_edited=&#8220;on|phone&#8220; locked=&#8220;off&#8220; global_colors_info=&#8220;{}&#8220; sticky_enabled=&#8220;0&#8243;][\/et_pb_image][et_pb_text module_class=&#8220;revelar-texto&#8220; _builder_version=&#8220;4.27.0&#8243; _module_preset=&#8220;default&#8220; text_text_color=&#8220;#F7FAFA&#8220; text_font_size=&#8220;34px&#8220; header_text_color=&#8220;#F7FAFA&#8220; animation_style=&#8220;fade&#8220; animation_delay=&#8220;1000ms&#8220; text_font_size_phone=&#8220;18px&#8220; animation_delay_tablet=&#8220;1000ms&#8220; animation_delay_phone=&#8220;800ms&#8220; animation_delay_last_edited=&#8220;on|phone&#8220; global_colors_info=&#8220;{}&#8220;]<\/p>\n<p>Wir verstehen dich.<br \/>Wir wissen Bescheid.<br \/>Wir sorgen uns.<\/p>\n<p>[\/et_pb_text][et_pb_button button_url=&#8220;@ET-DC@eyJkeW5hbWljIjp0cnVlLCJjb250ZW50IjoicG9zdF9saW5rX3VybF9wYWdlIiwic2V0dGluZ3MiOnsicG9zdF9pZCI6IjI0MyIsImVuYWJsZV9odG1sIjoib2ZmIn19@&#8220; button_text=&#8220;Interessiert? Lass uns reden! &#8220; _builder_version=&#8220;4.27.0&#8243; _dynamic_attributes=&#8220;button_url&#8220; _module_preset=&#8220;default&#8220; animation_style=&#8220;fade&#8220; animation_delay=&#8220;2000ms&#8220; animation_delay_tablet=&#8220;1000ms&#8220; animation_delay_phone=&#8220;100ms&#8220; animation_delay_last_edited=&#8220;on|phone&#8220; global_colors_info=&#8220;{}&#8220;][\/et_pb_button][\/et_pb_column][et_pb_column type=&#8220;1_2&#8243; _builder_version=&#8220;4.27.0&#8243; _module_preset=&#8220;default&#8220; global_colors_info=&#8220;{}&#8220;][et_pb_image src=&#8220;https:\/\/eliforia.com\/wp-content\/uploads\/2024\/08\/Rectangle-34624329-4.png&#8220; show_bottom_space=&#8220;off&#8220; force_fullwidth=&#8220;on&#8220; disabled_on=&#8220;on|on|off&#8220; _builder_version=&#8220;4.27.0&#8243; _module_preset=&#8220;default&#8220; custom_margin=&#8220;||-70px||false|false&#8220; custom_margin_tablet=&#8220;50px||||false|false&#8220; custom_margin_phone=&#8220;50px||||false|false&#8220; custom_margin_last_edited=&#8220;on|tablet&#8220; animation_style=&#8220;fade&#8220; animation_delay=&#8220;1000ms&#8220; hover_enabled=&#8220;0&#8243; border_radii=&#8220;off|200px|||10px&#8220; global_colors_info=&#8220;{}&#8220; sticky_enabled=&#8220;0&#8243;][\/et_pb_image][\/et_pb_column][\/et_pb_row][\/et_pb_section][et_pb_section fb_built=&#8220;1&#8243; custom_padding_last_edited=&#8220;on|phone&#8220; _builder_version=&#8220;4.27.0&#8243; _module_preset=&#8220;default&#8220; custom_padding=&#8220;150px||||false|false&#8220; custom_padding_tablet=&#8220;150px||||false|false&#8220; custom_padding_phone=&#8220;30px||30px||true|false&#8220; animation_style=&#8220;fade&#8220; global_colors_info=&#8220;{}&#8220;][et_pb_row column_structure=&#8220;1_3,1_3,1_3&#8243; _builder_version=&#8220;4.27.0&#8243; _module_preset=&#8220;default&#8220; global_colors_info=&#8220;{}&#8220;][et_pb_column type=&#8220;1_3&#8243; _builder_version=&#8220;4.27.0&#8243; _module_preset=&#8220;default&#8220; global_colors_info=&#8220;{}&#8220;][et_pb_blurb title=&#8220;Wir verstehen dich&#8220; image=&#8220;https:\/\/eliforia.com\/wp-content\/uploads\/2024\/08\/path88.png&#8220; icon_placement=&#8220;left&#8220; image_icon_width=&#8220;107px&#8220; content_max_width=&#8220;100%&#8220; image_icon_width_tablet=&#8220;107px&#8220; image_icon_width_phone=&#8220;74px&#8220; image_icon_width_last_edited=&#8220;on|phone&#8220; _builder_version=&#8220;4.27.0&#8243; _module_preset=&#8220;default&#8220; header_font=&#8220;|700|||||||&#8220; header_font_size=&#8220;24px&#8220; body_font_size=&#8220;18px&#8220; body_line_height=&#8220;1.4em&#8220; animation_style=&#8220;fade&#8220; animation_delay=&#8220;3000ms&#8220; header_font_size_tablet=&#8220;24px&#8220; header_font_size_phone=&#8220;18px&#8220; header_font_size_last_edited=&#8220;on|phone&#8220; body_font_size_tablet=&#8220;18px&#8220; body_font_size_phone=&#8220;14px&#8220; body_font_size_last_edited=&#8220;on|phone&#8220; body_line_height_tablet=&#8220;&#8220; body_line_height_phone=&#8220;1.3em&#8220; body_line_height_last_edited=&#8220;on|phone&#8220; animation_delay_tablet=&#8220;3000ms&#8220; animation_delay_phone=&#8220;500ms&#8220; animation_delay_last_edited=&#8220;on|desktop&#8220; global_colors_info=&#8220;{}&#8220;]<\/p>\n<p>Da wir selbst Antragsteller f\u00fcr EU-F\u00f6rdermittel sind, verstehen wir die Anstrengungen. Wir k\u00fcmmern uns um die Beantragung von F\u00f6rdermitteln f\u00fcr die Projekte unserer Kunden, damit sie sich darauf konzentrieren k\u00f6nnen, die Welt nachhaltiger zu gestalten. <\/p>\n<p>[\/et_pb_blurb][\/et_pb_column][et_pb_column type=&#8220;1_3&#8243; _builder_version=&#8220;4.27.0&#8243; _module_preset=&#8220;default&#8220; global_colors_info=&#8220;{}&#8220;][et_pb_blurb title=&#8220;Wir wissen Bescheid&#8220; image=&#8220;https:\/\/eliforia.com\/wp-content\/uploads\/2024\/08\/path88-1.png&#8220; icon_placement=&#8220;left&#8220; image_icon_width=&#8220;107px&#8220; content_max_width=&#8220;100%&#8220; image_icon_width_tablet=&#8220;107px&#8220; image_icon_width_phone=&#8220;74px&#8220; image_icon_width_last_edited=&#8220;on|phone&#8220; _builder_version=&#8220;4.27.0&#8243; _module_preset=&#8220;default&#8220; header_font=&#8220;|700|||||||&#8220; header_font_size=&#8220;24px&#8220; body_font_size=&#8220;18px&#8220; body_line_height=&#8220;1.4em&#8220; animation_style=&#8220;fade&#8220; animation_delay=&#8220;4000ms&#8220; header_font_size_tablet=&#8220;24px&#8220; header_font_size_phone=&#8220;18px&#8220; header_font_size_last_edited=&#8220;on|phone&#8220; body_font_size_tablet=&#8220;18px&#8220; body_font_size_phone=&#8220;14px&#8220; body_font_size_last_edited=&#8220;on|phone&#8220; body_line_height_tablet=&#8220;&#8220; body_line_height_phone=&#8220;1.3em&#8220; body_line_height_last_edited=&#8220;on|phone&#8220; animation_delay_tablet=&#8220;4000ms&#8220; animation_delay_phone=&#8220;1000ms&#8220; animation_delay_last_edited=&#8220;on|phone&#8220; locked=&#8220;off&#8220; global_colors_info=&#8220;{}&#8220;]<\/p>\n<p>Wir haben eine Erfolgsgeschichte bei der Vergabe von F\u00f6rdermitteln. Wir haben Erfahrung mit der Bewilligung von Antr\u00e4gen. Wir wissen, worauf Gutachter bei einem guten Antrag achten.  <\/p>\n<p>[\/et_pb_blurb][\/et_pb_column][et_pb_column type=&#8220;1_3&#8243; _builder_version=&#8220;4.27.0&#8243; _module_preset=&#8220;default&#8220; global_colors_info=&#8220;{}&#8220;][et_pb_blurb title=&#8220;Wir sorgen uns&#8220; image=&#8220;https:\/\/eliforia.com\/wp-content\/uploads\/2024\/08\/path88-2.png&#8220; icon_placement=&#8220;left&#8220; image_icon_width=&#8220;107px&#8220; content_max_width=&#8220;100%&#8220; image_icon_width_tablet=&#8220;107px&#8220; image_icon_width_phone=&#8220;74px&#8220; image_icon_width_last_edited=&#8220;on|phone&#8220; _builder_version=&#8220;4.27.0&#8243; _module_preset=&#8220;default&#8220; header_font=&#8220;|700|||||||&#8220; header_font_size=&#8220;24px&#8220; body_font_size=&#8220;18px&#8220; body_line_height=&#8220;1.4em&#8220; animation_style=&#8220;fade&#8220; animation_delay=&#8220;5000ms&#8220; header_font_size_tablet=&#8220;24px&#8220; header_font_size_phone=&#8220;18px&#8220; header_font_size_last_edited=&#8220;on|phone&#8220; body_font_size_tablet=&#8220;18px&#8220; body_font_size_phone=&#8220;14px&#8220; body_font_size_last_edited=&#8220;on|phone&#8220; body_line_height_tablet=&#8220;&#8220; body_line_height_phone=&#8220;1.3em&#8220; body_line_height_last_edited=&#8220;on|phone&#8220; animation_delay_tablet=&#8220;5000ms&#8220; animation_delay_phone=&#8220;1500ms&#8220; animation_delay_last_edited=&#8220;on|phone&#8220; locked=&#8220;off&#8220; global_colors_info=&#8220;{}&#8220;]<\/p>\n<p>Wir wollen, dass die Welt fairer, gerechter, integrativer, ges\u00fcnder und sch\u00f6ner wird &#8211; f\u00fcr alle Menschen heute und f\u00fcr alle Generationen nach uns. Daf\u00fcr setzen wir uns bei jedem unserer Projekte voll ein.  <\/p>\n<p>[\/et_pb_blurb][\/et_pb_column][\/et_pb_row][\/et_pb_section][et_pb_section fb_built=&#8220;1&#8243; custom_padding_last_edited=&#8220;on|phone&#8220; _builder_version=&#8220;4.27.0&#8243; _module_preset=&#8220;default&#8220; background_color=&#8220;#eef2ef&#8220; custom_margin=&#8220;||80px||false|false&#8220; custom_padding_tablet=&#8220;&#8220; custom_padding_phone=&#8220;30px||30px||true|false&#8220; animation_style=&#8220;fade&#8220; border_radii=&#8220;on|25px|25px|25px|25px&#8220; border_radii_tablet=&#8220;on|25px|25px|25px|25px&#8220; border_radii_phone=&#8220;on|18px|18px|18px|18px&#8220; border_radii_last_edited=&#8220;on|phone&#8220; global_colors_info=&#8220;{}&#8220;][et_pb_row _builder_version=&#8220;4.27.0&#8243; _module_preset=&#8220;default&#8220; animation_style=&#8220;fade&#8220; animation_delay=&#8220;1000ms&#8220; global_colors_info=&#8220;{}&#8220;][et_pb_column type=&#8220;4_4&#8243; _builder_version=&#8220;4.27.0&#8243; _module_preset=&#8220;default&#8220; global_colors_info=&#8220;{}&#8220;][et_pb_text _builder_version=&#8220;4.27.0&#8243; _module_preset=&#8220;default&#8220; header_2_text_color=&#8220;#0e8779&#8243; custom_padding_tablet=&#8220;&#8220; custom_padding_phone=&#8220;||30px||false|false&#8220; custom_padding_last_edited=&#8220;on|phone&#8220; border_width_bottom_tablet=&#8220;&#8220; border_width_bottom_phone=&#8220;2px&#8220; border_width_bottom_last_edited=&#8220;on|phone&#8220; border_color_bottom_tablet=&#8220;&#8220; border_color_bottom_phone=&#8220;#B6C9BC&#8220; border_color_bottom_last_edited=&#8220;on|phone&#8220; global_colors_info=&#8220;{}&#8220;]<\/p>\n<h2>Wer wir sind<\/h2>\n<p>Wir sind Dimitra und Fiona, zwei Liebhaberinnen der Nachhaltigkeit.<br \/>Als deine Experten f\u00fcr EU-Finanzierung helfen wir dir, deine Projektidee zum Leben zu erwecken.<br \/>Wir unterst\u00fctzen unsere Kunden gerne auf Englisch, Deutsch und Griechisch.<\/p>\n<p>[\/et_pb_text][\/et_pb_column][\/et_pb_row][et_pb_row column_structure=&#8220;1_2,1_2&#8243; custom_padding_last_edited=&#8220;on|phone&#8220; _builder_version=&#8220;4.27.0&#8243; _module_preset=&#8220;default&#8220; custom_padding_tablet=&#8220;&#8220; custom_padding_phone=&#8220;5px||||false|false&#8220; global_colors_info=&#8220;{}&#8220;][et_pb_column type=&#8220;1_2&#8243; _builder_version=&#8220;4.27.0&#8243; _module_preset=&#8220;default&#8220; custom_padding_tablet=&#8220;&#8220; custom_padding_phone=&#8220;||35px||false|false&#8220; custom_padding_last_edited=&#8220;on|phone&#8220; custom_css_main_element=&#8220;display:flex;||flex-wrap:wrap;||align-items:center;|| &#8220; border_width_bottom_tablet=&#8220;&#8220; border_width_bottom_phone=&#8220;2px&#8220; border_width_bottom_last_edited=&#8220;on|phone&#8220; border_color_bottom_tablet=&#8220;&#8220; border_color_bottom_phone=&#8220;#B6C9BC&#8220; border_color_bottom_last_edited=&#8220;on|phone&#8220; global_colors_info=&#8220;{}&#8220;][et_pb_image src=&#8220;https:\/\/eliforia.com\/wp-content\/uploads\/2024\/08\/image-6-2.png&#8220; force_fullwidth=&#8220;on&#8220; _builder_version=&#8220;4.27.0&#8243; _module_preset=&#8220;default&#8220; custom_margin=&#8220;||29px|||&#8220; animation_style=&#8220;fade&#8220; animation_delay=&#8220;1000ms&#8220; hover_enabled=&#8220;0&#8243; border_radii=&#8220;off||150px||&#8220; global_colors_info=&#8220;{}&#8220; sticky_enabled=&#8220;0&#8243;][\/et_pb_image][et_pb_text _builder_version=&#8220;4.27.0&#8243; _module_preset=&#8220;default&#8220; text_font_size=&#8220;18px&#8220; width=&#8220;100%&#8220; custom_margin=&#8220;||25px|||&#8220; animation_style=&#8220;fade&#8220; custom_css_free_form=&#8220;selector span{||  color:rgba(251, 141, 106, 1);||}&#8220; global_colors_info=&#8220;{}&#8220;]<\/p>\n<h3>Dimitra Ioannidou | <span>Mitbegr\u00fcnderin<\/span><\/h3>\n<p>Dimitra hat 5 Jahre bei einem internationalen Think-Tank gearbeitet und \u00fcber 15 F\u00f6rderantr\u00e4ge f\u00fcr verschiedene EU- und deutsche F\u00f6rdermittelgeber geschrieben. Sie hat Erfahrung im Projektmanagement f\u00fcr \u00f6ffentliche Projekte EU- und deutschlandweit.<\/p>\n<p>Zu ihren Schwerpunkten geh\u00f6ren Kreislaufwirtschaft, Bio\u00f6konomie sowie B\u00fcrger- und Stakeholder-Engagement. Sie hat einen M.Sc. in Umweltwissenschaften mit Schwerpunkt Geoinformationssysteme von der Albert-Ludwigs-Universit\u00e4t Freiburg. Dimitra ist eine begeisterte Leserin und interessiert sich leidenschaftlich f\u00fcr die Geschichten der Menschen.<\/p>\n<p>[\/et_pb_text][et_pb_button button_url=&#8220;mailto:dimitria@eliforia.com%20&#8243; button_text=&#8220;Kontaktiere Dimitra&#8220; _builder_version=&#8220;4.27.0&#8243; _module_preset=&#8220;default&#8220; button_text_color=&#8220;#ffffff&#8220; custom_margin=&#8220;||0px||false|false&#8220; animation_style=&#8220;fade&#8220; global_colors_info=&#8220;{}&#8220;][\/et_pb_button][et_pb_icon font_icon=&#8220;&#xf08c;||fa||400&#8243; icon_color=&#8220;#A34629&#8243; icon_width=&#8220;48px&#8220; url=&#8220;https:\/\/www.linkedin.com\/in\/dimitra-ioannidou-29209a126\/&#8220; url_new_window=&#8220;on&#8220; icon_width_last_edited=&#8220;off|desktop&#8220; _builder_version=&#8220;4.27.0&#8243; _module_preset=&#8220;default&#8220; custom_margin=&#8220;10px||0px|20px|false|false&#8220; custom_padding=&#8220;||0px||false|false&#8220; animation_style=&#8220;fade&#8220; border_radii=&#8220;on|8px|8px|8px|8px&#8220; global_colors_info=&#8220;{}&#8220;][\/et_pb_icon][\/et_pb_column][et_pb_column type=&#8220;1_2&#8243; _builder_version=&#8220;4.27.0&#8243; _module_preset=&#8220;default&#8220; custom_css_main_element=&#8220;display:flex;||flex-wrap:wrap;||align-items:center;|| &#8220; global_colors_info=&#8220;{}&#8220;][et_pb_image src=&#8220;https:\/\/eliforia.com\/wp-content\/uploads\/2024\/08\/image-6-3.png&#8220; force_fullwidth=&#8220;on&#8220; _builder_version=&#8220;4.27.0&#8243; _module_preset=&#8220;default&#8220; custom_margin=&#8220;||29px|||&#8220; animation_style=&#8220;fade&#8220; animation_delay=&#8220;1000ms&#8220; hover_enabled=&#8220;0&#8243; border_radii=&#8220;off|150px|||&#8220; global_colors_info=&#8220;{}&#8220; sticky_enabled=&#8220;0&#8243;][\/et_pb_image][et_pb_text _builder_version=&#8220;4.27.0&#8243; _module_preset=&#8220;default&#8220; text_font_size=&#8220;18px&#8220; width=&#8220;100%&#8220; custom_margin=&#8220;||25px|||&#8220; animation_style=&#8220;fade&#8220; custom_css_free_form=&#8220;selector span{||  color:rgba(251, 141, 106, 1);||}&#8220; global_colors_info=&#8220;{}&#8220;]<\/p>\n<h3>Fiona Woo | <span>Mitbegr\u00fcnderin<\/span><\/h3>\n<p>Fiona verf\u00fcgt \u00fcber 12 Jahre Erfahrung im NGO- und \u00f6ffentlichen Sektor. Sie hat Nachhaltigkeitsprojekte sowie Finanzierungsantr\u00e4ge auf internationaler, europ\u00e4ischer und deutscher Ebene geleitet. Sie hat EU-F\u00f6rdermittel verwaltet, einschlie\u00dflich der Beratung von Antragstellern und der Bewertung von Antr\u00e4gen<\/p>\n<p>Zu ihren Schwerpunkten geh\u00f6ren Querschnittsthemen wie Monitoring- und Evaluierungsrahmen und gezielte Kommunikation. Sie hat einen M.Sc. in Politik, Wirtschaftswissenschaft und Philosophie von der Universit\u00e4t Hamburg. Fiona ist eine begeisterte Outdoor-Enthusiastin.<\/p>\n<p>[\/et_pb_text][et_pb_button button_url=&#8220;mailto:fiona@eliforia.com%20&#8243; button_text=&#8220;Kontaktiere Fiona&#8220; _builder_version=&#8220;4.27.0&#8243; _module_preset=&#8220;default&#8220; button_text_color=&#8220;#ffffff&#8220; custom_margin=&#8220;||0px||false|false&#8220; animation_style=&#8220;fade&#8220; global_colors_info=&#8220;{}&#8220;][\/et_pb_button][et_pb_icon font_icon=&#8220;&#xf08c;||fa||400&#8243; icon_color=&#8220;#A34629&#8243; icon_width=&#8220;48px&#8220; url=&#8220;https:\/\/www.linkedin.com\/in\/fionafswoo\/&#8220; url_new_window=&#8220;on&#8220; _builder_version=&#8220;4.27.0&#8243; _module_preset=&#8220;default&#8220; custom_margin=&#8220;10px||0px|20px|false|false&#8220; custom_padding=&#8220;||0px||false|false&#8220; animation_style=&#8220;fade&#8220; border_radii=&#8220;on|8px|8px|8px|8px&#8220; global_colors_info=&#8220;{}&#8220;][\/et_pb_icon][\/et_pb_column][\/et_pb_row][\/et_pb_section]<\/p>\n","protected":false},"excerpt":{"rendered":"<p>\u00dcber unsWir verstehen dich.Wir wissen Bescheid.Wir sorgen uns.Da wir selbst Antragsteller f\u00fcr EU-F\u00f6rdermittel sind, verstehen wir die Anstrengungen. Wir k\u00fcmmern uns um die Beantragung von F\u00f6rdermitteln f\u00fcr die Projekte unserer Kunden, damit sie sich darauf konzentrieren k\u00f6nnen, die Welt nachhaltiger zu gestalten. Wir haben eine Erfolgsgeschichte bei der Vergabe von F\u00f6rdermitteln. Wir haben Erfahrung mit [&hellip;]<\/p>\n","protected":false},"author":1,"featured_media":0,"parent":0,"menu_order":0,"comment_status":"closed","ping_status":"closed","template":"","meta":{"_et_pb_use_builder":"on","_et_pb_old_content":"","_et_gb_content_width":"","footnotes":""},"class_list":["post-1111","page","type-page","status-publish","hentry"],"yoast_head":"<!-- This site is optimized with the Yoast SEO plugin v26.8 - https:\/\/yoast.com\/product\/yoast-seo-wordpress\/ -->\n<title>\u00dcber uns - Eliforia Consulting<\/title>\n<meta name=\"robots\" content=\"index, follow, max-snippet:-1, max-image-preview:large, max-video-preview:-1\" \/>\n<link rel=\"canonical\" href=\"https:\/\/eliforia.com\/de\/ueber-uns\/\" \/>\n<meta property=\"og:locale\" content=\"de_DE\" \/>\n<meta property=\"og:type\" content=\"article\" \/>\n<meta property=\"og:title\" content=\"\u00dcber uns - Eliforia Consulting\" \/>\n<meta property=\"og:description\" content=\"\u00dcber unsWir verstehen dich.Wir wissen Bescheid.Wir sorgen uns.Da wir selbst Antragsteller f\u00fcr EU-F\u00f6rdermittel sind, verstehen wir die Anstrengungen. Wir k\u00fcmmern uns um die Beantragung von F\u00f6rdermitteln f\u00fcr die Projekte unserer Kunden, damit sie sich darauf konzentrieren k\u00f6nnen, die Welt nachhaltiger zu gestalten. Wir haben eine Erfolgsgeschichte bei der Vergabe von F\u00f6rdermitteln. Wir haben Erfahrung mit [&hellip;]\" \/>\n<meta property=\"og:url\" content=\"https:\/\/eliforia.com\/de\/ueber-uns\/\" \/>\n<meta property=\"og:site_name\" content=\"Eliforia Consulting\" \/>\n<meta property=\"article:modified_time\" content=\"2025-02-12T07:04:26+00:00\" \/>\n<meta name=\"twitter:card\" content=\"summary_large_image\" \/>\n<meta name=\"twitter:label1\" content=\"Gesch\u00e4tzte Lesezeit\" \/>\n\t<meta name=\"twitter:data1\" content=\"10\u00a0Minuten\" \/>\n<script type=\"application\/ld+json\" class=\"yoast-schema-graph\">{\"@context\":\"https:\/\/schema.org\",\"@graph\":[{\"@type\":\"WebPage\",\"@id\":\"https:\/\/eliforia.com\/de\/ueber-uns\/\",\"url\":\"https:\/\/eliforia.com\/de\/ueber-uns\/\",\"name\":\"\u00dcber uns - Eliforia Consulting\",\"isPartOf\":{\"@id\":\"https:\/\/eliforia.com\/de\/#website\"},\"datePublished\":\"2024-08-02T07:19:10+00:00\",\"dateModified\":\"2025-02-12T07:04:26+00:00\",\"breadcrumb\":{\"@id\":\"https:\/\/eliforia.com\/de\/ueber-uns\/#breadcrumb\"},\"inLanguage\":\"de\",\"potentialAction\":[{\"@type\":\"ReadAction\",\"target\":[\"https:\/\/eliforia.com\/de\/ueber-uns\/\"]}]},{\"@type\":\"BreadcrumbList\",\"@id\":\"https:\/\/eliforia.com\/de\/ueber-uns\/#breadcrumb\",\"itemListElement\":[{\"@type\":\"ListItem\",\"position\":1,\"name\":\"Home\",\"item\":\"https:\/\/eliforia.com\/de\/\"},{\"@type\":\"ListItem\",\"position\":2,\"name\":\"\u00dcber uns\"}]},{\"@type\":\"WebSite\",\"@id\":\"https:\/\/eliforia.com\/de\/#website\",\"url\":\"https:\/\/eliforia.com\/de\/\",\"name\":\"Eliforia Consulting\",\"description\":\"EU grant-writing for social and environmental innovation.\",\"publisher\":{\"@id\":\"https:\/\/eliforia.com\/de\/#organization\"},\"potentialAction\":[{\"@type\":\"SearchAction\",\"target\":{\"@type\":\"EntryPoint\",\"urlTemplate\":\"https:\/\/eliforia.com\/de\/?s={search_term_string}\"},\"query-input\":{\"@type\":\"PropertyValueSpecification\",\"valueRequired\":true,\"valueName\":\"search_term_string\"}}],\"inLanguage\":\"de\"},{\"@type\":\"Organization\",\"@id\":\"https:\/\/eliforia.com\/de\/#organization\",\"name\":\"Eliforia Consulting\",\"url\":\"https:\/\/eliforia.com\/de\/\",\"logo\":{\"@type\":\"ImageObject\",\"inLanguage\":\"de\",\"@id\":\"https:\/\/eliforia.com\/de\/#\/schema\/logo\/image\/\",\"url\":\"https:\/\/eliforia.com\/wp-content\/uploads\/2025\/05\/Eliforialogo_dark-green.png\",\"contentUrl\":\"https:\/\/eliforia.com\/wp-content\/uploads\/2025\/05\/Eliforialogo_dark-green.png\",\"width\":1609,\"height\":828,\"caption\":\"Eliforia Consulting\"},\"image\":{\"@id\":\"https:\/\/eliforia.com\/de\/#\/schema\/logo\/image\/\"},\"sameAs\":[\"https:\/\/www.linkedin.com\/company\/eliforia\/\"]}]}<\/script>\n<!-- \/ Yoast SEO plugin. -->","yoast_head_json":{"title":"\u00dcber uns - Eliforia Consulting","robots":{"index":"index","follow":"follow","max-snippet":"max-snippet:-1","max-image-preview":"max-image-preview:large","max-video-preview":"max-video-preview:-1"},"canonical":"https:\/\/eliforia.com\/de\/ueber-uns\/","og_locale":"de_DE","og_type":"article","og_title":"\u00dcber uns - Eliforia Consulting","og_description":"\u00dcber unsWir verstehen dich.Wir wissen Bescheid.Wir sorgen uns.Da wir selbst Antragsteller f\u00fcr EU-F\u00f6rdermittel sind, verstehen wir die Anstrengungen. Wir k\u00fcmmern uns um die Beantragung von F\u00f6rdermitteln f\u00fcr die Projekte unserer Kunden, damit sie sich darauf konzentrieren k\u00f6nnen, die Welt nachhaltiger zu gestalten. Wir haben eine Erfolgsgeschichte bei der Vergabe von F\u00f6rdermitteln. Wir haben Erfahrung mit [&hellip;]","og_url":"https:\/\/eliforia.com\/de\/ueber-uns\/","og_site_name":"Eliforia Consulting","article_modified_time":"2025-02-12T07:04:26+00:00","twitter_card":"summary_large_image","twitter_misc":{"Gesch\u00e4tzte Lesezeit":"10\u00a0Minuten"},"schema":{"@context":"https:\/\/schema.org","@graph":[{"@type":"WebPage","@id":"https:\/\/eliforia.com\/de\/ueber-uns\/","url":"https:\/\/eliforia.com\/de\/ueber-uns\/","name":"\u00dcber uns - Eliforia Consulting","isPartOf":{"@id":"https:\/\/eliforia.com\/de\/#website"},"datePublished":"2024-08-02T07:19:10+00:00","dateModified":"2025-02-12T07:04:26+00:00","breadcrumb":{"@id":"https:\/\/eliforia.com\/de\/ueber-uns\/#breadcrumb"},"inLanguage":"de","potentialAction":[{"@type":"ReadAction","target":["https:\/\/eliforia.com\/de\/ueber-uns\/"]}]},{"@type":"BreadcrumbList","@id":"https:\/\/eliforia.com\/de\/ueber-uns\/#breadcrumb","itemListElement":[{"@type":"ListItem","position":1,"name":"Home","item":"https:\/\/eliforia.com\/de\/"},{"@type":"ListItem","position":2,"name":"\u00dcber uns"}]},{"@type":"WebSite","@id":"https:\/\/eliforia.com\/de\/#website","url":"https:\/\/eliforia.com\/de\/","name":"Eliforia Consulting","description":"EU grant-writing for social and environmental innovation.","publisher":{"@id":"https:\/\/eliforia.com\/de\/#organization"},"potentialAction":[{"@type":"SearchAction","target":{"@type":"EntryPoint","urlTemplate":"https:\/\/eliforia.com\/de\/?s={search_term_string}"},"query-input":{"@type":"PropertyValueSpecification","valueRequired":true,"valueName":"search_term_string"}}],"inLanguage":"de"},{"@type":"Organization","@id":"https:\/\/eliforia.com\/de\/#organization","name":"Eliforia Consulting","url":"https:\/\/eliforia.com\/de\/","logo":{"@type":"ImageObject","inLanguage":"de","@id":"https:\/\/eliforia.com\/de\/#\/schema\/logo\/image\/","url":"https:\/\/eliforia.com\/wp-content\/uploads\/2025\/05\/Eliforialogo_dark-green.png","contentUrl":"https:\/\/eliforia.com\/wp-content\/uploads\/2025\/05\/Eliforialogo_dark-green.png","width":1609,"height":828,"caption":"Eliforia Consulting"},"image":{"@id":"https:\/\/eliforia.com\/de\/#\/schema\/logo\/image\/"},"sameAs":["https:\/\/www.linkedin.com\/company\/eliforia\/"]}]}},"_links":{"self":[{"href":"https:\/\/eliforia.com\/de\/wp-json\/wp\/v2\/pages\/1111","targetHints":{"allow":["GET"]}}],"collection":[{"href":"https:\/\/eliforia.com\/de\/wp-json\/wp\/v2\/pages"}],"about":[{"href":"https:\/\/eliforia.com\/de\/wp-json\/wp\/v2\/types\/page"}],"author":[{"embeddable":true,"href":"https:\/\/eliforia.com\/de\/wp-json\/wp\/v2\/users\/1"}],"replies":[{"embeddable":true,"href":"https:\/\/eliforia.com\/de\/wp-json\/wp\/v2\/comments?post=1111"}],"version-history":[{"count":17,"href":"https:\/\/eliforia.com\/de\/wp-json\/wp\/v2\/pages\/1111\/revisions"}],"predecessor-version":[{"id":1422,"href":"https:\/\/eliforia.com\/de\/wp-json\/wp\/v2\/pages\/1111\/revisions\/1422"}],"wp:attachment":[{"href":"https:\/\/eliforia.com\/de\/wp-json\/wp\/v2\/media?parent=1111"}],"curies":[{"name":"wp","href":"https:\/\/api.w.org\/{rel}","templated":true}]}}